{"id":2415,"date":"2017-11-13T10:09:08","date_gmt":"2017-11-13T10:09:08","guid":{"rendered":"https:\/\/www.radiustheme.com\/demo\/wordpress\/miako\/?page_id=2415"},"modified":"2020-02-27T19:36:59","modified_gmt":"2020-02-27T17:36:59","slug":"about-page-2","status":"publish","type":"page","link":"https:\/\/www.pajueloabogados.com\/index.php\/about-page-2\/","title":{"rendered":"El Despacho"},"content":{"rendered":"<div class=\"wpb-content-wrapper\"><p>[vc_row css=&#8221;.vc_custom_1510573830623{padding-top: 90px !important;padding-bottom: 60px !important;}&#8221;][vc_column]<div class=\"\">\r\n\t<div class=\"rt-text-with-video\">\r\n\t\t<div class=\"row\">\r\n\t\t\t<div class=\"col-lg-7 col-md-7 col-sm-7 col-xs-12\">\r\n\t\t\t\t<div class=\"rtin-text-content\">\r\n\t\t\t\t\t\t\t\t\t<span style=\"color:#222222\">Desde 2004<\/span>\r\n\t\t\t\t\t\t\t\t\t\t\t\t\t<h2 style=\"color:#222222\">LA FIRMA<\/h2>\r\n\t\t\t\t\t\t\t\tPAJUELO Abogados es un despacho especializado en las \u00e1reas clave del asesoramiento legal a particulares, empresas y sector p\u00fablico, que busca la escelencia no s\u00f3lo en la calidad t\u00e9cnica del trabajo de sus letrados, sino tambi\u00e9n, en el trato y la altenci\u00f3n al cliente.\t\t\t\t<\/div>\r\n\t\t\t<\/div>\r\n\t\t\t<div class=\"col-lg-5 col-md-5 col-sm-5 col-xs-12\">\r\n\t\t\t\t<div class=\"rtin-video-content\">\t\t\t\t\r\n\t\t\t\t\t<iframe loading=\"lazy\" width=\"413\" height=\"310\" src=\"https:\/\/www.youtube.com\/embed\/c83nqN90bBE?feature=oembed\" frameborder=\"0\" allow=\"accelerometer; autoplay; encrypted-media; gyroscope; picture-in-picture\" allowfullscreen><\/iframe>\t\t\t\t<\/div>\r\n\t\t\t<\/div>\r\n\t\t<\/div>\r\n\t<\/div>\r\n<\/div>[\/vc_column][\/vc_row][vc_row full_width=&#8221;stretch_row&#8221; css=&#8221;.vc_custom_1510641656478{padding-top: 55px !important;padding-bottom: 55px !important;background-image: url(https:\/\/www.pajueloabogados.com\/wp-content\/uploads\/2017\/11\/about_bg.jpg?id=2448) !important;}&#8221;][vc_column width=&#8221;1\/2&#8243;]<div class=\"\">\r\n\t<div class=\"rt-vc-title-1 rtin-section-title-left\">\r\n\t\t\t\t\t<h2 class=\"rt-section-title-vc title32 mitle28\" style=\"font-size:30px; color:#111111;\">VISI\u00d3N<\/h2>\r\n\t\t\t\t\t<div class=\"rt-section-sub-title-vc\" style=\"width:100%; color:#444444;\">PAJUELO Abogados es un despacho que aspira a la excelencia en la prestaci\u00f3n de servicios jur\u00eddicos gracias a un asesoramiento legal multidisciplinar de alta calidad. Estamos convencidos de que solo podemos lograrlo conviertiendonos en socios estrat\u00e9gicos de nuestros clientes, apostantd por la innovaci\u00f3n como calve para dar respuesta a los retos del presente con la vista puesta en el futuro.transversales gracias a un asesoramiento legal de alta calidad. Estamos convencidos de que solo podemos lograrlo convirti\u00e9ndonos en socios estrat\u00e9gicos de nuestros clientes y apostando por la innovaci\u00f3n como clave para dar respuesta a los retos del presente con la vista puesta en el futuro<\/div>\r\n\t\t\t<\/div>\r\n<\/div>[\/vc_column][vc_column width=&#8221;1\/2&#8243;]<div class=\"\">\r\n\t<div class=\"rt-vc-title-1 rtin-section-title-left\">\r\n\t\t\t\t\t<h2 class=\"rt-section-title-vc title32 mitle28\" style=\"font-size:30px; color:#222222;\">NUESTRO VALORES<\/h2>\r\n\t\t\t<\/div>\r\n<\/div><div class=\"\">\r\n\t\t<div class=\"rt-progress-bar-1\">\r\n        <div class=\"skill\">\r\n\t\t\t\t<div class=\"progress\">\r\n\t\t\t<div class=\"lead\" style=\"color:#222222;\" >Casos Resueltos Satisfactoriamente 2019<\/div>\r\n\t\t\t<div class=\"progress-bar wow fadeInLeft\" data-progress=\"96%\" style=\"width: 96%; background:#81d742;\" data-wow-duration=\"1.5s\" data-wow-delay=\"1.2s\"> <span>96%<\/span><\/div>\r\n\t\t<\/div>\r\n\t\t\t\t<div class=\"progress\">\r\n\t\t\t<div class=\"lead\" style=\"color:#222222;\" >Casos Resueltos Satisfactoriamente 2018<\/div>\r\n\t\t\t<div class=\"progress-bar wow fadeInLeft\" data-progress=\"88%\" style=\"width: 88%; background:#1e73be;\" data-wow-duration=\"1.5s\" data-wow-delay=\"1.2s\"> <span>88%<\/span><\/div>\r\n\t\t<\/div>\r\n\t\t\t\t<div class=\"progress\">\r\n\t\t\t<div class=\"lead\" style=\"color:#222222;\" >Casos Resueltos Satisfactoriamente 2017<\/div>\r\n\t\t\t<div class=\"progress-bar wow fadeInLeft\" data-progress=\"76%\" style=\"width: 76%; background:#dd3333;\" data-wow-duration=\"1.5s\" data-wow-delay=\"1.2s\"> <span>76%<\/span><\/div>\r\n\t\t<\/div>\r\n\t\t\t\t<\/div>\r\n    <\/div>\r\n\t<\/div>[\/vc_column][\/vc_row][vc_row css=&#8221;.vc_custom_1510641791139{padding-top: 55px !important;padding-bottom: 75px !important;}&#8221;][vc_column]<div class=\"vc_custom_1530706440149\">\n\t<div class=\"rt-vc-title-2 rtin-section-title-center\">\n\t\t\t\t\t<h2 class=\"rt-section-title-vc title32 mitle28\" style=\"font-size:36px; color:#222222;\">NUESTROS PROFESIONALES<\/h2>\n\t\t\t\t\t<div class=\"rt-section-sub-title-vc\" style=\"width:65%; color:#444444;\">Somos un despacho generalista, que podemos atenderle en sus demandas de Penal, Familia, Procesal y Mediaci\u00f3n.<\/div>\n\t\t\t<\/div>\n<\/div><div class=\"rt-team-slider-seven owl-wrap rt-owl-nav-2 owl-wrap slider-nav-enabled\">\r\n\t<div class=\"owl-theme owl-carousel rt-owl-carousel\" data-carousel-options=\"{&quot;nav&quot;:true,&quot;navText&quot;:[&quot;&lt;i class=&#039;fa fa-angle-left&#039;&gt;&lt;\\\/i&gt;&quot;,&quot;&lt;i class=&#039;fa fa-angle-right&#039;&gt;&lt;\\\/i&gt;&quot;],&quot;dots&quot;:false,&quot;autoplay&quot;:true,&quot;autoplayTimeout&quot;:&quot;5000&quot;,&quot;autoplaySpeed&quot;:&quot;200&quot;,&quot;autoplayHoverPause&quot;:true,&quot;loop&quot;:true,&quot;margin&quot;:20,&quot;responsive&quot;:{&quot;0&quot;:{&quot;items&quot;:1},&quot;480&quot;:{&quot;items&quot;:2},&quot;768&quot;:{&quot;items&quot;:2},&quot;992&quot;:{&quot;items&quot;:3},&quot;1200&quot;:{&quot;items&quot;:4}}}\">\r\n\t\t\t\t\t\t\t\t\t\r\n\t\t\t<div class=\"single-team-area\">\r\n\t\t\t\t<figure>\r\n\t\t\t\t\t<a href=\"https:\/\/www.pajueloabogados.com\/index.php\/team\/basilio-santos-martin\/\"><img decoding=\"async\" class=\"attachment-rdtheme-size5 size-rdtheme-size5 wp-post-image\" src=\"https:\/\/www.pajueloabogados.com\/wp-content\/themes\/miako\/assets\/img\/noimage_370x522.jpg\" alt=\"BASILIO SANTOS MART\u00cdN\"><\/a>\r\n\t\t\t\t<\/figure>\r\n\t\t\t\t<div class=\"tlp-overlay\">\r\n\t\t\t\t\t<h3><span class=\"team-name\"><a class=\" ttp-single-md-popup\" href=\"https:\/\/www.pajueloabogados.com\/index.php\/team\/basilio-santos-martin\/\">BASILIO SANTOS MART\u00cdN<\/a><\/span><\/h3>\r\n\t\t\t\t\t<div class=\"tlp-position\">\r\n\t\t\t\t\t\t<span>\r\n\t\t\t\t\t\t\t<a class=\" ttp-single-md-popup\" title=\"BASILIO SANTOS MART\u00cdN\" href=\"https:\/\/www.pajueloabogados.com\/index.php\/team\/basilio-santos-martin\/\">Abogado<\/a>\r\n\t\t\t\t\t\t<\/span>\r\n\t\t\t\t\t<\/div>\r\n\t\t\t\t\t<div class=\"short-bio\">\r\n\t\t\t\t\t\t<p><a class=\" ttp-single-md-popup\" title=\"BASILIO SANTOS MART\u00cdN\" href=\"https:\/\/www.pajueloabogados.com\/index.php\/team\/basilio-santos-martin\/\"><\/a><\/p>\r\n\t\t\t\t\t\t<p>\r\n\t\t\t\t\t\t\t<a class=\" ttp-single-md-popup\" title=\"BASILIO SANTOS MART\u00cdN\" href=\"https:\/\/www.pajueloabogados.com\/index.php\/team\/basilio-santos-martin\/\">ABOGADO COLABORADOR ESPECIALISTA EN DERECHO ADMINISTRATIVO Y DE LO CONTENCIOSO-ADMINISTRATIVO<\/a>\r\n\t\t\t\t\t\t<\/p>\r\n\t\t\t\t\t\t<a class=\" ttp-single-md-popup\" title=\"BASILIO SANTOS MART\u00cdN\" href=\"https:\/\/www.pajueloabogados.com\/index.php\/team\/basilio-santos-martin\/\"><\/a>\r\n\t\t\t\t\t<\/div>\r\n\t\t\t\t\t<div class=\"social-icons\">\t\t\t\t\t\r\n\t\t\t\t\t\t\t\t\t\t\t\t\t\t\t\t\t\t\t\t\t\t\t\t\t\t\t\t\t\t\t\t\t\t\t\t\t\t\t\t\t\t\t\t\t\t<a href=\"https:\/\/www.linkedin.com\/in\/basilio-santos-martn-14533862\/\" target=\"_blank\"><i class=\"fa fa-linkedin\"><\/i><\/a>\r\n\t\t\t\t\t\t\t\t\t\t\t\t\t\t\t\t\t\t\t\t\t\t\t\t\t\t\t\t\t\t\t\t\t\t\t\t\t\t\t\t\t\t\t\t\t\t\t\t\t\t\t\t\t\t\t\t\t\t\t\t\t\t\t\t\t\t\t\t\t\t\t\t\t\t\t\t\t\t\t\t\t\t\t\t\t\t\t\t\t\t\t\t\t\t\t\t\t\t\t\t\t\t\t\t\t\t\t\t\t\r\n\t\t\t\t\t<\/div>\r\n\t\t\t\t<\/div>\r\n\t\t\t<\/div>\t\t\t\r\n\t\t\t\t\t\t\t\t\t\r\n\t\t\t<div class=\"single-team-area\">\r\n\t\t\t\t<figure>\r\n\t\t\t\t\t<a href=\"https:\/\/www.pajueloabogados.com\/index.php\/team\/jose-merchan-boto\/\"><img loading=\"lazy\" decoding=\"async\" width=\"257\" height=\"257\" src=\"https:\/\/www.pajueloabogados.com\/wp-content\/uploads\/2026\/04\/pepemerchan.jpg\" class=\"img-responsive wp-post-image\" alt=\"\" \/><\/a>\r\n\t\t\t\t<\/figure>\r\n\t\t\t\t<div class=\"tlp-overlay\">\r\n\t\t\t\t\t<h3><span class=\"team-name\"><a class=\" ttp-single-md-popup\" href=\"https:\/\/www.pajueloabogados.com\/index.php\/team\/jose-merchan-boto\/\">JOS\u00c9 MERCH\u00c1N BOTO<\/a><\/span><\/h3>\r\n\t\t\t\t\t<div class=\"tlp-position\">\r\n\t\t\t\t\t\t<span>\r\n\t\t\t\t\t\t\t<a class=\" ttp-single-md-popup\" title=\"JOS\u00c9 MERCH\u00c1N BOTO\" href=\"https:\/\/www.pajueloabogados.com\/index.php\/team\/jose-merchan-boto\/\">Abogado<\/a>\r\n\t\t\t\t\t\t<\/span>\r\n\t\t\t\t\t<\/div>\r\n\t\t\t\t\t<div class=\"short-bio\">\r\n\t\t\t\t\t\t<p><a class=\" ttp-single-md-popup\" title=\"JOS\u00c9 MERCH\u00c1N BOTO\" href=\"https:\/\/www.pajueloabogados.com\/index.php\/team\/jose-merchan-boto\/\"><\/a><\/p>\r\n\t\t\t\t\t\t<p>\r\n\t\t\t\t\t\t\t<a class=\" ttp-single-md-popup\" title=\"JOS\u00c9 MERCH\u00c1N BOTO\" href=\"https:\/\/www.pajueloabogados.com\/index.php\/team\/jose-merchan-boto\/\">ABOGADO COLABORADOR ESPECIALISTA EN DERECHO CIVIL Y MERCANTIL<\/a>\r\n\t\t\t\t\t\t<\/p>\r\n\t\t\t\t\t\t<a class=\" ttp-single-md-popup\" title=\"JOS\u00c9 MERCH\u00c1N BOTO\" href=\"https:\/\/www.pajueloabogados.com\/index.php\/team\/jose-merchan-boto\/\"><\/a>\r\n\t\t\t\t\t<\/div>\r\n\t\t\t\t\t<div class=\"social-icons\">\t\t\t\t\t\r\n\t\t\t\t\t\t\t\t\t\t\t\t\t\t\t\t\t\t\t\t\t\t\t\t\t\t\t\t\t\t\t\t\t\t\t\t\t\t\t\t\t\t\t\t\t\t<a href=\"https:\/\/www.linkedin.com\/in\/jos-merchn-7a45a329\/\" target=\"_blank\"><i class=\"fa fa-linkedin\"><\/i><\/a>\r\n\t\t\t\t\t\t\t\t\t\t\t\t\t\t\t\t\t\t\t\t\t\t\t\t\t\t\t\t\t\t\t\t\t\t\t\t\t\t\t\t\t\t\t\t\t\t\t\t\t\t\t\t\t\t\t\t\t\t\t\t\t\t\t\t\t\t\t\t\t\t\t\t\t\t\t\t\t\t\t\t\t\t\t\t\t\t\t\t\t\t\t\t\t\t\t\t\t\t\t\t\t\t\t\t\t\t\t\t\t\r\n\t\t\t\t\t<\/div>\r\n\t\t\t\t<\/div>\r\n\t\t\t<\/div>\t\t\t\r\n\t\t\t\t\t\t\t\t\t\r\n\t\t\t<div class=\"single-team-area\">\r\n\t\t\t\t<figure>\r\n\t\t\t\t\t<a href=\"https:\/\/www.pajueloabogados.com\/index.php\/team\/celestino-mera-mateos\/\"><img loading=\"lazy\" decoding=\"async\" width=\"157\" height=\"157\" src=\"https:\/\/www.pajueloabogados.com\/wp-content\/uploads\/2026\/04\/celestinomera.jpg\" class=\"img-responsive wp-post-image\" alt=\"\" \/><\/a>\r\n\t\t\t\t<\/figure>\r\n\t\t\t\t<div class=\"tlp-overlay\">\r\n\t\t\t\t\t<h3><span class=\"team-name\"><a class=\" ttp-single-md-popup\" href=\"https:\/\/www.pajueloabogados.com\/index.php\/team\/celestino-mera-mateos\/\">CELESTINO MERA MATEOS<\/a><\/span><\/h3>\r\n\t\t\t\t\t<div class=\"tlp-position\">\r\n\t\t\t\t\t\t<span>\r\n\t\t\t\t\t\t\t<a class=\" ttp-single-md-popup\" title=\"CELESTINO MERA MATEOS\" href=\"https:\/\/www.pajueloabogados.com\/index.php\/team\/celestino-mera-mateos\/\"><\/a>\r\n\t\t\t\t\t\t<\/span>\r\n\t\t\t\t\t<\/div>\r\n\t\t\t\t\t<div class=\"short-bio\">\r\n\t\t\t\t\t\t<p><a class=\" ttp-single-md-popup\" title=\"CELESTINO MERA MATEOS\" href=\"https:\/\/www.pajueloabogados.com\/index.php\/team\/celestino-mera-mateos\/\"><\/a><\/p>\r\n\t\t\t\t\t\t<p>\r\n\t\t\t\t\t\t\t<a class=\" ttp-single-md-popup\" title=\"CELESTINO MERA MATEOS\" href=\"https:\/\/www.pajueloabogados.com\/index.php\/team\/celestino-mera-mateos\/\">ABOGADO COLABORADOR ESPECIALISTA EN DERECHO ADMINISTRATIVO Y CONTENCIOSO-ADMINISTRATIVO<\/a>\r\n\t\t\t\t\t\t<\/p>\r\n\t\t\t\t\t\t<a class=\" ttp-single-md-popup\" title=\"CELESTINO MERA MATEOS\" href=\"https:\/\/www.pajueloabogados.com\/index.php\/team\/celestino-mera-mateos\/\"><\/a>\r\n\t\t\t\t\t<\/div>\r\n\t\t\t\t\t<div class=\"social-icons\">\t\t\t\t\t\r\n\t\t\t\t\t\t\t\t\t\t\t\t\t\t\t\t\t\t\t\t\t\t\t\t\t\t\t\t\t\t\t\t\t\t\t\t\t\t\t\t\t\t\t\t\t\t\t\t\t\t\t\t\t\t\t\t\t\t\t\t\t\t\t\t\t\t\t\t\t\t\t\t\t\t\t\t\t\t\t\t\t\t\t\t\t\t\t\t\t\t\t\t\t\t\t\t\t\t\t\t\t\t\t\t\t\t\t\t\t\t\t\t\t\t\t\t\t\t\t\t\t\t\t\t\t\t\t\t\t\t\t\t\t\t\t\t\t\t\t\t\t\r\n\t\t\t\t\t<\/div>\r\n\t\t\t\t<\/div>\r\n\t\t\t<\/div>\t\t\t\r\n\t\t\t\t\t\t\t\t\t\r\n\t\t\t<div class=\"single-team-area\">\r\n\t\t\t\t<figure>\r\n\t\t\t\t\t<a href=\"https:\/\/www.pajueloabogados.com\/index.php\/team\/alonso-ramon-diaz\/\"><img loading=\"lazy\" decoding=\"async\" width=\"350\" height=\"400\" src=\"https:\/\/www.pajueloabogados.com\/wp-content\/uploads\/2026\/04\/alonso-350x400.jpg\" class=\"img-responsive wp-post-image\" alt=\"\" \/><\/a>\r\n\t\t\t\t<\/figure>\r\n\t\t\t\t<div class=\"tlp-overlay\">\r\n\t\t\t\t\t<h3><span class=\"team-name\"><a class=\" ttp-single-md-popup\" href=\"https:\/\/www.pajueloabogados.com\/index.php\/team\/alonso-ramon-diaz\/\">ALONSO RAM\u00d3N D\u00cdAZ<\/a><\/span><\/h3>\r\n\t\t\t\t\t<div class=\"tlp-position\">\r\n\t\t\t\t\t\t<span>\r\n\t\t\t\t\t\t\t<a class=\" ttp-single-md-popup\" title=\"ALONSO RAM\u00d3N D\u00cdAZ\" href=\"https:\/\/www.pajueloabogados.com\/index.php\/team\/alonso-ramon-diaz\/\"><\/a>\r\n\t\t\t\t\t\t<\/span>\r\n\t\t\t\t\t<\/div>\r\n\t\t\t\t\t<div class=\"short-bio\">\r\n\t\t\t\t\t\t<p><a class=\" ttp-single-md-popup\" title=\"ALONSO RAM\u00d3N D\u00cdAZ\" href=\"https:\/\/www.pajueloabogados.com\/index.php\/team\/alonso-ramon-diaz\/\"><\/a><\/p>\r\n\t\t\t\t\t\t<p>\r\n\t\t\t\t\t\t\t<a class=\" ttp-single-md-popup\" title=\"ALONSO RAM\u00d3N D\u00cdAZ\" href=\"https:\/\/www.pajueloabogados.com\/index.php\/team\/alonso-ramon-diaz\/\">ABOGADO COLABORADOR ESPECIALISTA EN DERECHO ADMINISTRATIVO Y DE LO CONTENCIOSO-ADMINISTRATIVO AS\u00cd COMO EN MEDIACI\u00d3N GENERAL, CIVIL Y FAMILIAR<\/a>\r\n\t\t\t\t\t\t<\/p>\r\n\t\t\t\t\t\t<a class=\" ttp-single-md-popup\" title=\"ALONSO RAM\u00d3N D\u00cdAZ\" href=\"https:\/\/www.pajueloabogados.com\/index.php\/team\/alonso-ramon-diaz\/\"><\/a>\r\n\t\t\t\t\t<\/div>\r\n\t\t\t\t\t<div class=\"social-icons\">\t\t\t\t\t\r\n\t\t\t\t\t\t\t\t\t\t\t\t\t\t\t\t\t\t\t\t\t\t\t\t\t\t\t\t\t\t\t\t\t\t\t\t\t\t\t\t\t\t\t\t\t\t<a href=\"https:\/\/www.linkedin.com\/in\/mejorabogadoderechoadministrativo\/\" target=\"_blank\"><i class=\"fa fa-linkedin\"><\/i><\/a>\r\n\t\t\t\t\t\t\t\t\t\t\t\t\t\t\t\t\t\t\t\t\t\t\t\t\t\t\t\t\t\t\t\t\t\t\t\t\t\t\t\t\t\t\t\t\t\t\t\t\t\t\t\t\t\t\t\t\t\t\t\t\t\t\t\t\t\t\t\t\t\t\t\t\t\t\t\t\t\t\t\t\t\t\t\t\t\t\t\t\t\t\t\t\t\t\t\t\t\t\t\t\t\t\t\t\t\t\t\t\t\r\n\t\t\t\t\t<\/div>\r\n\t\t\t\t<\/div>\r\n\t\t\t<\/div>\t\t\t\r\n\t\t\t\t\t\t\t\t\t\r\n\t\t\t<div class=\"single-team-area\">\r\n\t\t\t\t<figure>\r\n\t\t\t\t\t<a href=\"https:\/\/www.pajueloabogados.com\/index.php\/team\/isidro-gonzalez-lanot\/\"><img decoding=\"async\" class=\"attachment-rdtheme-size5 size-rdtheme-size5 wp-post-image\" src=\"https:\/\/www.pajueloabogados.com\/wp-content\/themes\/miako\/assets\/img\/noimage_370x522.jpg\" alt=\"ISIDRO GONZ\u00c1LEZ LANOT\"><\/a>\r\n\t\t\t\t<\/figure>\r\n\t\t\t\t<div class=\"tlp-overlay\">\r\n\t\t\t\t\t<h3><span class=\"team-name\"><a class=\" ttp-single-md-popup\" href=\"https:\/\/www.pajueloabogados.com\/index.php\/team\/isidro-gonzalez-lanot\/\">ISIDRO GONZ\u00c1LEZ LANOT<\/a><\/span><\/h3>\r\n\t\t\t\t\t<div class=\"tlp-position\">\r\n\t\t\t\t\t\t<span>\r\n\t\t\t\t\t\t\t<a class=\" ttp-single-md-popup\" title=\"ISIDRO GONZ\u00c1LEZ LANOT\" href=\"https:\/\/www.pajueloabogados.com\/index.php\/team\/isidro-gonzalez-lanot\/\"><\/a>\r\n\t\t\t\t\t\t<\/span>\r\n\t\t\t\t\t<\/div>\r\n\t\t\t\t\t<div class=\"short-bio\">\r\n\t\t\t\t\t\t<p><a class=\" ttp-single-md-popup\" title=\"ISIDRO GONZ\u00c1LEZ LANOT\" href=\"https:\/\/www.pajueloabogados.com\/index.php\/team\/isidro-gonzalez-lanot\/\"><\/a><\/p>\r\n\t\t\t\t\t\t<p>\r\n\t\t\t\t\t\t\t<a class=\" ttp-single-md-popup\" title=\"ISIDRO GONZ\u00c1LEZ LANOT\" href=\"https:\/\/www.pajueloabogados.com\/index.php\/team\/isidro-gonzalez-lanot\/\">ABOGADO COLABORADOR ESPECIALISTA EN DERECHO PENAL<\/a>\r\n\t\t\t\t\t\t<\/p>\r\n\t\t\t\t\t\t<a class=\" ttp-single-md-popup\" title=\"ISIDRO GONZ\u00c1LEZ LANOT\" href=\"https:\/\/www.pajueloabogados.com\/index.php\/team\/isidro-gonzalez-lanot\/\"><\/a>\r\n\t\t\t\t\t<\/div>\r\n\t\t\t\t\t<div class=\"social-icons\">\t\t\t\t\t\r\n\t\t\t\t\t\t\t\t\t\t\t\t\t\t\t\t\t\t\t\t\t\t\t\t\t\t\t\t\t\t\t\t\t\t\t\t\t\t\t\t\t\t\t\t\t\t<a href=\"https:\/\/www.linkedin.com\/in\/isidro-gonzalez-lanot-2543a922\/\" target=\"_blank\"><i class=\"fa fa-linkedin\"><\/i><\/a>\r\n\t\t\t\t\t\t\t\t\t\t\t\t\t\t\t\t\t\t\t\t\t\t\t\t\t\t\t\t\t\t\t\t\t\t\t\t\t\t\t\t\t\t\t\t\t\t\t\t\t\t\t\t\t\t\t\t\t\t\t\t\t\t\t\t\t\t\t\t\t\t\t\t\t\t\t\t\t\t\t\t\t\t\t\t\t\t\t\t\t\t\t\t\t\t\t\t\t\t\t\t\t\t\t\t\t\t\t\t\t\r\n\t\t\t\t\t<\/div>\r\n\t\t\t\t<\/div>\r\n\t\t\t<\/div>\t\t\t\r\n\t\t\t\t\t\t\t\t\t\r\n\t\t\t<div class=\"single-team-area\">\r\n\t\t\t\t<figure>\r\n\t\t\t\t\t<a href=\"https:\/\/www.pajueloabogados.com\/index.php\/team\/belen-hernandez-gragera\/\"><img loading=\"lazy\" decoding=\"async\" width=\"350\" height=\"450\" src=\"https:\/\/www.pajueloabogados.com\/wp-content\/uploads\/2022\/10\/Belen-Hernandez-Grajera-350x450.jpeg\" class=\"img-responsive wp-post-image\" alt=\"\" \/><\/a>\r\n\t\t\t\t<\/figure>\r\n\t\t\t\t<div class=\"tlp-overlay\">\r\n\t\t\t\t\t<h3><span class=\"team-name\"><a class=\" ttp-single-md-popup\" href=\"https:\/\/www.pajueloabogados.com\/index.php\/team\/belen-hernandez-gragera\/\">Bel\u00e9n Hern\u00e1ndez Gragera<\/a><\/span><\/h3>\r\n\t\t\t\t\t<div class=\"tlp-position\">\r\n\t\t\t\t\t\t<span>\r\n\t\t\t\t\t\t\t<a class=\" ttp-single-md-popup\" title=\"Bel\u00e9n Hern\u00e1ndez Gragera\" href=\"https:\/\/www.pajueloabogados.com\/index.php\/team\/belen-hernandez-gragera\/\">Abogada<\/a>\r\n\t\t\t\t\t\t<\/span>\r\n\t\t\t\t\t<\/div>\r\n\t\t\t\t\t<div class=\"short-bio\">\r\n\t\t\t\t\t\t<p><a class=\" ttp-single-md-popup\" title=\"Bel\u00e9n Hern\u00e1ndez Gragera\" href=\"https:\/\/www.pajueloabogados.com\/index.php\/team\/belen-hernandez-gragera\/\"><\/a><\/p>\r\n\t\t\t\t\t\t<p>\r\n\t\t\t\t\t\t\t<a class=\" ttp-single-md-popup\" title=\"Bel\u00e9n Hern\u00e1ndez Gragera\" href=\"https:\/\/www.pajueloabogados.com\/index.php\/team\/belen-hernandez-gragera\/\">Licenciada en Derecho por la Universidad de Extremadura CURSOS DE DOCTORADO 1. Historia del derecho p\u00fablico espa\u00f1ol contempor\u00e1neo&hellip;<\/a>\r\n\t\t\t\t\t\t<\/p>\r\n\t\t\t\t\t\t<a class=\" ttp-single-md-popup\" title=\"Bel\u00e9n Hern\u00e1ndez Gragera\" href=\"https:\/\/www.pajueloabogados.com\/index.php\/team\/belen-hernandez-gragera\/\"><\/a>\r\n\t\t\t\t\t<\/div>\r\n\t\t\t\t\t<div class=\"social-icons\">\t\t\t\t\t\r\n\t\t\t\t\t\t\t\t\t\t\t\t\t\t\t\t\t\t\t\t\t\t\t\t\t\t\t\t\t\t\t\t\t\t\t\t\t\t\t\t\t\t\t\t\t\t\t\t\t\t\t\t\t\t\t\t\t\t\t\t\t\t\t\t\t\t\t\t\t\t\t\t\t\t\t\t\t\t\t\t\t\t\t\t\t\t\t\t\t\t\t\t\t\t\t\t\t\t\t\t\t\t\t\t\t\t\t\t\t\t\t\t\t\t\t\t\t\t\t\t\t\t\t\t\t\t\t\t\t\t\t\t\t\t\t\t\t\t\t\t\t\r\n\t\t\t\t\t<\/div>\r\n\t\t\t\t<\/div>\r\n\t\t\t<\/div>\t\t\t\r\n\t\t\t\t\t\t\t\t\t\r\n\t\t\t<div class=\"single-team-area\">\r\n\t\t\t\t<figure>\r\n\t\t\t\t\t<a href=\"https:\/\/www.pajueloabogados.com\/index.php\/team\/pablo-gomez-perez\/\"><img loading=\"lazy\" decoding=\"async\" width=\"350\" height=\"450\" src=\"https:\/\/www.pajueloabogados.com\/wp-content\/uploads\/2017\/11\/03-PABLO-080-350x450.jpg\" class=\"img-responsive wp-post-image\" alt=\"\" \/><\/a>\r\n\t\t\t\t<\/figure>\r\n\t\t\t\t<div class=\"tlp-overlay\">\r\n\t\t\t\t\t<h3><span class=\"team-name\"><a class=\" ttp-single-md-popup\" href=\"https:\/\/www.pajueloabogados.com\/index.php\/team\/pablo-gomez-perez\/\">Pablo G\u00f3mez P\u00e9rez<\/a><\/span><\/h3>\r\n\t\t\t\t\t<div class=\"tlp-position\">\r\n\t\t\t\t\t\t<span>\r\n\t\t\t\t\t\t\t<a class=\" ttp-single-md-popup\" title=\"Pablo G\u00f3mez P\u00e9rez\" href=\"https:\/\/www.pajueloabogados.com\/index.php\/team\/pablo-gomez-perez\/\">Abogado<\/a>\r\n\t\t\t\t\t\t<\/span>\r\n\t\t\t\t\t<\/div>\r\n\t\t\t\t\t<div class=\"short-bio\">\r\n\t\t\t\t\t\t<p><a class=\" ttp-single-md-popup\" title=\"Pablo G\u00f3mez P\u00e9rez\" href=\"https:\/\/www.pajueloabogados.com\/index.php\/team\/pablo-gomez-perez\/\"><\/a><\/p>\r\n\t\t\t\t\t\t<p>\r\n\t\t\t\t\t\t\t<a class=\" ttp-single-md-popup\" title=\"Pablo G\u00f3mez P\u00e9rez\" href=\"https:\/\/www.pajueloabogados.com\/index.php\/team\/pablo-gomez-perez\/\">Licenciado de Derecho por la Universidad de Extremadura. Escuela de Pr\u00e1cticas Jur\u00eddicas por el Ilustre Colegio de Abogados&hellip;<\/a>\r\n\t\t\t\t\t\t<\/p>\r\n\t\t\t\t\t\t<a class=\" ttp-single-md-popup\" title=\"Pablo G\u00f3mez P\u00e9rez\" href=\"https:\/\/www.pajueloabogados.com\/index.php\/team\/pablo-gomez-perez\/\"><\/a>\r\n\t\t\t\t\t<\/div>\r\n\t\t\t\t\t<div class=\"social-icons\">\t\t\t\t\t\r\n\t\t\t\t\t\t\t\t\t\t\t\t\t\t\t\t\t\t\t\t\t\t\t\t\t\t\t\t\t\t\t\t\t\t\t\t\t\t\t\t\t\t\t\t\t\t<a href=\"https:\/\/www.linkedin.com\/in\/pablo-gmez-prez-4303ab83\/\" target=\"_blank\"><i class=\"fa fa-linkedin\"><\/i><\/a>\r\n\t\t\t\t\t\t\t\t\t\t\t\t\t\t\t\t\t\t\t\t\t\t\t\t\t\t\t\t\t\t\t\t\t\t\t\t\t\t\t\t\t\t\t\t\t\t\t\t\t\t\t\t\t\t\t\t\t\t\t\t\t\t\t\t\t\t\t\t\t\t\t\t\t\t\t\t\t\t\t\t\t\t\t\t\t\t\t\t\t\t\t\t\t\t\t\t\t\t\t\t\t\t\t\t\t\t\t\t\t\r\n\t\t\t\t\t<\/div>\r\n\t\t\t\t<\/div>\r\n\t\t\t<\/div>\t\t\t\r\n\t\t\t\t\t\t\t\t<\/div>\r\n<\/div>[\/vc_column][\/vc_row][vc_row full_width=&#8221;stretch_row&#8221; css=&#8221;.vc_custom_1510649862030{padding-top: 65px !important;padding-bottom: 100px !important;background-image: url(https:\/\/www.pajueloabogados.com\/wp-content\/uploads\/2017\/11\/about-bg2.jpg?id=2460) !important;}&#8221;][vc_column width=&#8221;1\/4&#8243;]<div class=\"rt-vc-counter-2 \" >\n\t<div class=\"rtin-counter-content\">\n\t\t<div class=\"rtin-counter2-box \" style=\"text-align:center\">\n\t\t\t<div class=\"rt-counter\" style=\"color:#ffffff;font-size: 36px;\" data-num=\"2120\" data-rtSpeed=\"3000\" data-rtSteps=\"10\">2120<\/div>\n\t\t<\/div>\n\t\t<div class=\"rtin-counter2-box\" style=\"text-align:center\">\n\t\t\t\t\t\t<div class=\"rtin-title\" style=\"color:#ffffff;font-size: 22px;\">Clientes satisfechos<\/div>\n\t\t\t\t\t<\/div>\n\t<\/div>\n<\/div>[\/vc_column][vc_column width=&#8221;1\/4&#8243;]<div class=\"rt-vc-counter-2 \" >\n\t<div class=\"rtin-counter-content\">\n\t\t<div class=\"rtin-counter2-box \" style=\"text-align:center\">\n\t\t\t<div class=\"rt-counter\" style=\"color:#ffffff;font-size: 36px;\" data-num=\"10\" data-rtSpeed=\"3000\" data-rtSteps=\"10\">10<\/div>\n\t\t<\/div>\n\t\t<div class=\"rtin-counter2-box\" style=\"text-align:center\">\n\t\t\t\t\t\t<div class=\"rtin-title\" style=\"color:#ffffff;font-size: 22px;\">Premios y Distinciones<\/div>\n\t\t\t\t\t<\/div>\n\t<\/div>\n<\/div>[\/vc_column][vc_column width=&#8221;1\/4&#8243;]<div class=\"rt-vc-counter-2 \" >\n\t<div class=\"rtin-counter-content\">\n\t\t<div class=\"rtin-counter2-box \" style=\"text-align:center\">\n\t\t\t<div class=\"rt-counter\" style=\"color:#ffffff;font-size: 36px;\" data-num=\"1780\" data-rtSpeed=\"3000\" data-rtSteps=\"10\">1780<\/div>\n\t\t<\/div>\n\t\t<div class=\"rtin-counter2-box\" style=\"text-align:center\">\n\t\t\t\t\t\t<div class=\"rtin-title\" style=\"color:#ffffff;font-size: 22px;\">Casos Ganados<\/div>\n\t\t\t\t\t<\/div>\n\t<\/div>\n<\/div>[\/vc_column][vc_column width=&#8221;1\/4&#8243;][\/vc_column][\/vc_row]<\/p>\n<\/div>","protected":false},"excerpt":{"rendered":"<p>[vc_row css=&#8221;.vc_custom_1510573830623{padding-top: 90px !important;padding-bottom: 60px !important;}&#8221;][vc_column][\/vc_column][\/vc_row][vc_row full_width=&#8221;stretch_row&#8221; css=&#8221;.vc_custom_1510641656478{padding-top: 55px !important;padding-bottom: 55px !important;background-image: url(https:\/\/www.pajueloabogados.com\/wp-content\/uploads\/2017\/11\/about_bg.jpg?id=2448) !important;}&#8221;][vc_column width=&#8221;1\/2&#8243;][\/vc_column][vc_column width=&#8221;1\/2&#8243;][\/vc_column][\/vc_row][vc_row css=&#8221;.vc_custom_1510641791139{padding-top: 55px !important;padding-bottom: 75px !important;}&#8221;][vc_column][\/vc_column][\/vc_row][vc_row full_width=&#8221;stretch_row&#8221; css=&#8221;.vc_custom_1510649862030{padding-top: 65px !important;padding-bottom: 100px !important;background-image: url(https:\/\/www.pajueloabogados.com\/wp-content\/uploads\/2017\/11\/about-bg2.jpg?id=2460) !important;}&#8221;][vc_column width=&#8221;1\/4&#8243;][\/vc_column][vc_column width=&#8221;1\/4&#8243;][\/vc_column][vc_column width=&#8221;1\/4&#8243;][\/vc_column][vc_column width=&#8221;1\/4&#8243;][\/vc_column][\/vc_row]<\/p>\n","protected":false},"author":1,"featured_media":0,"parent":0,"menu_order":0,"comment_status":"closed","ping_status":"closed","template":"","meta":{"footnotes":""},"class_list":["post-2415","page","type-page","status-publish","hentry"],"_links":{"self":[{"href":"https:\/\/www.pajueloabogados.com\/index.php\/wp-json\/wp\/v2\/pages\/2415","targetHints":{"allow":["GET"]}}],"collection":[{"href":"https:\/\/www.pajueloabogados.com\/index.php\/wp-json\/wp\/v2\/pages"}],"about":[{"href":"https:\/\/www.pajueloabogados.com\/index.php\/wp-json\/wp\/v2\/types\/page"}],"author":[{"embeddable":true,"href":"https:\/\/www.pajueloabogados.com\/index.php\/wp-json\/wp\/v2\/users\/1"}],"replies":[{"embeddable":true,"href":"https:\/\/www.pajueloabogados.com\/index.php\/wp-json\/wp\/v2\/comments?post=2415"}],"version-history":[{"count":16,"href":"https:\/\/www.pajueloabogados.com\/index.php\/wp-json\/wp\/v2\/pages\/2415\/revisions"}],"predecessor-version":[{"id":3277,"href":"https:\/\/www.pajueloabogados.com\/index.php\/wp-json\/wp\/v2\/pages\/2415\/revisions\/3277"}],"wp:attachment":[{"href":"https:\/\/www.pajueloabogados.com\/index.php\/wp-json\/wp\/v2\/media?parent=2415"}],"curies":[{"name":"wp","href":"https:\/\/api.w.org\/{rel}","templated":true}]}}