{"id":3,"date":"2018-05-25T11:48:49","date_gmt":"2018-05-25T11:48:49","guid":{"rendered":"http:\/\/www.pajueloabogados.com\/?page_id=3"},"modified":"2025-05-23T13:56:48","modified_gmt":"2025-05-23T11:56:48","slug":"politica-privacidad","status":"publish","type":"page","link":"https:\/\/www.pajueloabogados.com\/index.php\/politica-privacidad\/","title":{"rendered":"Pol\u00edtica de privacidad"},"content":{"rendered":"<div class=\"wpb-content-wrapper\"><p>[vc_row][vc_column][vc_column_text]<\/p>\n<p style=\"text-align: center;\"><strong><span dir=\"ltr\" role=\"presentation\">1. INFORMACI\u00d3N AL USUARIO<\/span><\/strong><\/p>\n<p><br role=\"presentation\" \/><strong><span dir=\"ltr\" role=\"presentation\">\u00bfQui\u00e9n es el responsable del tratamiento de tus datos personales?<\/span><\/strong><\/p>\n<p><br role=\"presentation\" \/>PAJUELO ABOGADOS SLP es el RESPONSABLE del tratamiento de los datos personales del USUARIO y le informa de que estos datos<br \/>\nser\u00e1n tratados de conformidad con lo dispuesto en el Reglamento (UE) 2016\/679, de 27 de abril (GDPR), y la Ley Org\u00e1nica 3\/2018,<br \/>\nde 5 de diciembre (LOPDGDD).<\/p>\n<p><br role=\"presentation\" \/><strong>\u00bfPara qu\u00e9 tratamos tus datos personales y por qu\u00e9 lo hacemos?<\/strong><br \/>\nSeg\u00fan el formulario donde hayamos obtenidosus datos personales, los trataremos de manera confidencial para alcanzar los<br \/>\nsiguientes fines:<\/p>\n<p><strong>En el formulario Contacto y Citas<\/strong><br \/>\n<em>Dar respuesta a las consultas o cualquier tipo de petici\u00f3n que sea realizada por el usuario a trav\u00e9s de cualquiera<\/em><br \/>\n<em>de las formas de contacto que se ponen a su disposici\u00f3n en la p\u00e1gina web del responsable.<\/em><br \/>\n(por el inter\u00e9s leg\u00edtimo del responsable, art. 6.1.f GDPR)<br \/>\n<em>Realizar an\u00e1lisis estad\u00edsticos y estudios de mercado.<\/em><br \/>\n(por el inter\u00e9s leg\u00edtimo del responsable, art. 6.1.f GDPR)<br \/>\n<em>Agendar citas y reuniones con el responsable.<\/em><br \/>\n(por el inter\u00e9s leg\u00edtimo del responsable, art. 6.1.f GDPR)<br \/>\n<strong>En el formulario Comentarios (en Blog)<\/strong><br \/>\n<em>Moderar y publicar en la p\u00e1gina web las opiniones sobre una publicaci\u00f3n.<\/em><br \/>\n(por el consentimiento del interesado, 6.1.a GDPR)<\/p>\n<p><br role=\"presentation\" \/><strong><span dir=\"ltr\" role=\"presentation\">\u00bfDurante cu\u00e1nto tiempo guardaremos tus datos personales?<\/span><\/strong><br role=\"presentation\" \/>Se conservar\u00e1n durante no m\u00e1s tiempo del necesario para mantener el fin del tratamiento o existan prescripciones legales que<br \/>\ndictaminen su custodia y cuando ya no sea necesario para ello, se suprimir\u00e1n con medidas de seguridad adecuadas para garantizar<br \/>\nla anonimizaci\u00f3n de los datos o la destrucci\u00f3n total de los mismos.<\/p>\n<p><br role=\"presentation\" \/><strong><span dir=\"ltr\" role=\"presentation\">\u00bfA qui\u00e9n facilitamos sus datos personales?<\/span><\/strong><br role=\"presentation\" \/>No est\u00e1 prevista ninguna comunicaci\u00f3n de datos personales a terceros salvo, si fuese necesario para el desarrollo y ejecuci\u00f3n de las<br \/>\nfinalidades del tratamiento, a nuestros proveedores de servicios relacionados con comunicaciones, con los cuales el RESPONSABLE<br \/>\ntiene suscritos los contratos de confidencialidad y de encargado de tratamiento exigidos por la normativa vigente de privacidad.<\/p>\n<p><br role=\"presentation\" \/><strong><span dir=\"ltr\" role=\"presentation\">\u00bfCu\u00e1les son tus derechos?<\/span><\/strong><br role=\"presentation\" \/><span dir=\"ltr\" role=\"presentation\">Los derechos que asisten al USUARIO son:<\/span><\/p>\n<ul>\n<li><span dir=\"ltr\" role=\"presentation\">Derecho a retirar el consentimiento en cualquier momento.<\/span><\/li>\n<li>Derecho de acceso, rectificaci\u00f3n, portabilidad y supresi\u00f3n de sus datos, y de limitaci\u00f3n u oposici\u00f3n a su tratamiento.<\/li>\n<li>Derecho a presentar una reclamaci\u00f3n ante la autoridad de control (www.aepd.es) si considera que el tratamiento no se ajusta a la normativa vigente.<\/li>\n<\/ul>\n<p><br role=\"presentation\" \/><span dir=\"ltr\" role=\"presentation\">Datos de contacto para ejercer sus derechos<\/span><span dir=\"ltr\" role=\"presentation\">:\u00a0<\/span>PAJUELO ABOGADOS SLP. HERMANOS SEGURA COVARSI, 3 bajo &#8211; 06011 BADAJOZ (Badajoz). E-mail: info@pajueloabogados.com<br \/>\nDatos de contacto del delegado de protecci\u00f3n de datos: info@gestionproactiva.com<\/p>\n<p><strong><span dir=\"ltr\" role=\"presentation\">2. CAR\u00c1CTER OBLIGATORIO O FACULTATIVO DE LA INFORMACI\u00d3N FACILITADA POR EL <\/span><span dir=\"ltr\" role=\"presentation\">USUARIO<\/span><\/strong>Los USUARIOS, mediante la marcaci\u00f3n de las casillas correspondientes y la entrada de datos en los campos, marcados con un<br \/>\nasterisco (*) en el formulario de contacto o presentados en formularios de descarga, aceptan expresamente y de forma libre e<br \/>\ninequ\u00edvoca, que sus datos son necesarios para atender su petici\u00f3n, por parte del prestador, siendo voluntaria la inclusi\u00f3n de datos<br \/>\nen los campos restantes. El USUARIO garantiza que los datos personales facilitados al RESPONSABLE son veraces y se hace<br \/>\nresponsable de comunicar cualquier modificaci\u00f3n de los mismos.<br \/>\nEl RESPONSABLE informa de que todos los datos solicitados a trav\u00e9s del sitio web son obligatorios, ya que son necesarios para la<br \/>\nprestaci\u00f3n de un servicio \u00f3ptimo al USUARIO. En caso de que no se faciliten todos los datos, no se garantiza que la informaci\u00f3n y<br \/>\nservicios facilitados sean completamente ajustados a sus necesidades.<\/p>\n<p><strong><span dir=\"ltr\" role=\"presentation\">3. MEDIDAS DE SEGURIDAD<\/span><\/strong>Que de conformidad con lo dispuesto en las normativas vigentes en protecci\u00f3n de datos personales, el RESPONSABLE est\u00e1<br \/>\ncumpliendo con todas las disposiciones de las normativas GDPR y LOPDGDD para el tratamiento de los datos personales de su<br \/>\nresponsabilidad, y manifiestamente con los principios descritos en el art\u00edculo 5 del GDPR, por los cuales son tratados de manera<br \/>\nl\u00edcita, leal y transparente en relaci\u00f3n con el interesado y adecuados, pertinentes y limitados a lo necesario en relaci\u00f3n con los fines<br \/>\npara los que son tratados.<br \/>\nEl RESPONSABLE garantiza que ha implementado pol\u00edticas t\u00e9cnicas y organizativas apropiadas para aplicar las medidas de seguridad<br \/>\nque establecen el GDPR y la LOPDGDD con el fin de proteger los derechos y libertades de los USUARIOS y les ha comunicado la<br \/>\ninformaci\u00f3n adecuada para que puedan ejercerlos.<br \/>\nPara m\u00e1s informaci\u00f3n sobre las garant\u00edas de privacidad, puedes dirigirte alRESPONSABLE a trav\u00e9s de PAJUELO ABOGADOS SLP.<br \/>\nHERMANOS SEGURA COVARSI, 3 bajo &#8211; 06011 BADAJOZ (Badajoz). E-mail: info@pajueloabogados.comDatos de contacto del<br \/>\ndelegado de protecci\u00f3n de datos: info@gestionproactiva.com<\/p>\n<p style=\"text-align: center;\"><strong><span dir=\"ltr\" role=\"presentation\">POL\u00cdTICA DE PRIVACIDAD REDES SOCIALES<\/span><\/strong><\/p>\n<p><strong><span dir=\"ltr\" role=\"presentation\">1. INFORMACI\u00d3N AL USUARIO<\/span><\/strong><\/p>\n<p><strong><span dir=\"ltr\" role=\"presentation\">\u00bfQui\u00e9n es el responsable del tratamiento de tus datos personales?<\/span><\/strong><br role=\"presentation\" \/>PAJUELO ABOGADOS SLP, en adelante, RESPONSABLE, informa al USUARIO de que ha procedido a crear un perfil en las Redes<br \/>\nSociales Facebook, Instagram, Twitter, LinkedIn, Youtube, Vimeo y Google+, que es el responsable del tratamiento de los datos<br \/>\npersonales del usuario que se lleve a cabo en dichas redes sociales y le informa de que estos datos ser\u00e1n tratados de conformidad<br \/>\ncon lo dispuesto en el Reglamento (UE) 2016\/679, de 27 de abril (GDPR), y la Ley Org\u00e1nica 3\/2018, de 5 de diciembre (LOPDGDD),<br \/>\npor lo que se le facilita la siguiente informaci\u00f3n del tratamiento:<\/p>\n<p><strong><span dir=\"ltr\" role=\"presentation\">\u00bfPara qu\u00e9 tratamos tus datos personales?<\/span><\/strong><br role=\"presentation\" \/><span dir=\"ltr\" role=\"presentation\">Fin del tratamiento<\/span><span dir=\"ltr\" role=\"presentation\">: mantener una relaci\u00f3n entre el USUARIO y el RESPONSABLE<\/span><span dir=\"ltr\" role=\"presentation\"> que puede incluir las siguientes <\/span><span dir=\"ltr\" role=\"presentation\">operaciones:<\/span><\/p>\n<ul>\n<li style=\"list-style-type: none;\">\n<ul>\n<li><span dir=\"ltr\" role=\"presentation\">Tramitar solicitudes y consultas planteadas al responsable<\/span><\/li>\n<li><span dir=\"ltr\" role=\"presentation\">Informar sobre actividades y eventos organizados por el responsable<\/span><\/li>\n<li><span dir=\"ltr\" role=\"presentation\">Informar sobre productos o servicios ofrecidos por el responsable<\/span><\/li>\n<li><span dir=\"ltr\" role=\"presentation\">Interactuar a trav\u00e9s de los perfiles oficiales<\/span><\/li>\n<\/ul>\n<\/li>\n<\/ul>\n<p><strong>\u00bfPor qu\u00e9 motivo podemos tratar tus datos personales?<\/strong><\/p>\n<p>Base jur\u00eddica del tratamiento: art\u00edculo 6.1.a GDPR, el interesado ha dado su consentimiento para el tratamiento de sus datos<br \/>\npersonales para uno o varios fines espec\u00edficos. El USUARIO dispone de un perfil en la misma red social y ha decidido unirse a la red<br \/>\nsocial del RESPONSABLE mostrando as\u00ed inter\u00e9s en la informaci\u00f3n que se publique en la misma, por tanto, en el momento de<br \/>\nsolicitar seguir nuestros perfiles oficiales, nos facilita su consentimiento para el tratamiento de aquellos datos personales<br \/>\npublicados en su perfil.<br \/>\nEl USUARIO puede acceder en todo momento a las pol\u00edticas de privacidad de la propia red social, as\u00ed como configurar su perfil para<br \/>\ngarantizar su privacidad.<br \/>\nEl RESPONSABLE tiene acceso y trata aquella informaci\u00f3n p\u00fablica del USUARIO, en especial, su nombre de contacto. Estos datos<br \/>\nsolo son utilizados dentro de la propia red social y \u00fanicamente se incorporar\u00e1n a un fichero del RESPONSABLE cuando sea necesario<br \/>\npara tramitar la petici\u00f3n del USUARIO.<\/p>\n<p><strong><span dir=\"ltr\" role=\"presentation\">\u00bfDurante cu\u00e1nto tiempo guardaremos tus datos personales?<\/span><\/strong><br role=\"presentation\" \/><strong><span dir=\"ltr\" role=\"presentation\">Criterios de conservaci\u00f3n de los datos<\/span><\/strong><span dir=\"ltr\" role=\"presentation\"><strong>:<\/strong> se conservar\u00e1n mientras el USUARIO no revoque el consentimiento prestado <\/span><span dir=\"ltr\" role=\"presentation\">tal y como se indica en esta pol\u00edtica de privacidad.<\/span><\/p>\n<p><strong><span dir=\"ltr\" role=\"presentation\">\u00bfA qui\u00e9n facilitamos tus datos personales?<\/span><\/strong><\/p>\n<p>Comunicaci\u00f3n de los datos: la informaci\u00f3n facilitada por el USUARIO a trav\u00e9s de las redes sociales del RESPONSABLE, incluidos sus<br \/>\ndatos personales, puede ser publicada, siempre en funci\u00f3n de los servicios que el USUARIO utilice, por lo que podr\u00e1 quedar a<br \/>\ndisposici\u00f3n p\u00fablica de otros terceros usuarios de las redes sociales. Desde el perfil de cada red social, el USUARIO puede configurar<br \/>\nqu\u00e9 informaci\u00f3n quiere hacer p\u00fablica en cada caso, ver los permisos que se han concedido, eliminarlos o desactivarlos, como<br \/>\ncualquier aplicaci\u00f3n de un tercero que ya no se desea utilizar.<br \/>\nNo est\u00e1 prevista ninguna comunicaci\u00f3n de datos personales a terceros fuera de la red social salvo, si fuese imprescindible para el<br \/>\ndesarrollo y ejecuci\u00f3n de las finalidades del tratamiento, a nuestros proveedores de servicios relacionados con comunicaciones,<br \/>\ncon los cuales el RESPONSABLE tiene suscritos los contratos de confidencialidad y de encargado de tratamiento exigidos por la<br \/>\nnormativa vigente de privacidad.<\/p>\n<p><br role=\"presentation\" \/><strong><span dir=\"ltr\" role=\"presentation\">\u00bfCu\u00e1les son tus derechos?<\/span><\/strong><br role=\"presentation\" \/><span dir=\"ltr\" role=\"presentation\">Derechos que asisten al USUARIO<\/span><span dir=\"ltr\" role=\"presentation\">: solo podr\u00e1n satisfacerse en relaci\u00f3n a aquella informaci\u00f3n que se encuentre bajo <\/span><span dir=\"ltr\" role=\"presentation\">el control del RESPONSABLE.<\/span><\/p>\n<ul>\n<li style=\"list-style-type: none;\">\n<ul>\n<li><span dir=\"ltr\" role=\"presentation\">Derecho a retirar el consentimiento en cualquier momento<\/span><\/li>\n<li><span dir=\"ltr\" role=\"presentation\">Derecho de acceso, rectificaci\u00f3n, portabilidad y supresi\u00f3n de sus datos, y de limitaci\u00f3n u oposici\u00f3n a su <\/span><span dir=\"ltr\" role=\"presentation\">tratamiento<\/span><\/li>\n<li><span dir=\"ltr\" role=\"presentation\">Derecho a presentar una reclamaci\u00f3n ante la autoridad de control (www.aepd.es) si considera que el tratamiento <\/span><span dir=\"ltr\" role=\"presentation\">no se ajusta a la normativa vigente<\/span><\/li>\n<\/ul>\n<\/li>\n<\/ul>\n<p>Datos de contacto para ejercer sus derechos PAJUELO ABOGADOS SLP. HERMANOS SEGURA COVARSI, 3 bajo &#8211; 06011 BADAJOZ (Badajoz). E-mail:<br \/>\ninfo@pajueloabogados.com. Datos de contacto del delegado de protecci\u00f3n de datos: info@gestionproactiva.com<\/p>\n<p><strong><span dir=\"ltr\" role=\"presentation\">2. UTILIZACI\u00d3N DEL PERFIL<\/span><\/strong><br role=\"presentation\" \/><span dir=\"ltr\" role=\"presentation\">El RESPONSABLE<\/span> <span dir=\"ltr\" role=\"presentation\">realizar\u00e1 las siguientes actuaciones:<\/span><br role=\"presentation\" \/><span dir=\"ltr\" role=\"presentation\">Acceso a la informaci\u00f3n p\u00fablica del perfil <\/span><span dir=\"ltr\" role=\"presentation\">Publicaci\u00f3n<\/span> <span dir=\"ltr\" role=\"presentation\">en<\/span> <span dir=\"ltr\" role=\"presentation\">el<\/span> <span dir=\"ltr\" role=\"presentation\">perfil<\/span> <span dir=\"ltr\" role=\"presentation\">del<\/span> <span dir=\"ltr\" role=\"presentation\">USUARIO<\/span> <span dir=\"ltr\" role=\"presentation\">de<\/span> <span dir=\"ltr\" role=\"presentation\">toda<\/span> <span dir=\"ltr\" role=\"presentation\">aquella<\/span> <span dir=\"ltr\" role=\"presentation\">informaci\u00f3n<\/span> <span dir=\"ltr\" role=\"presentation\">ya<\/span> <span dir=\"ltr\" role=\"presentation\">publicada<\/span> <span dir=\"ltr\" role=\"presentation\">en<\/span> <span dir=\"ltr\" role=\"presentation\">la<\/span> <span dir=\"ltr\" role=\"presentation\">red<\/span> <span dir=\"ltr\" role=\"presentation\">social<\/span> <span dir=\"ltr\" role=\"presentation\">del <\/span><span dir=\"ltr\" role=\"presentation\">RESPONSABLE<\/span><br role=\"presentation\" \/><span dir=\"ltr\" role=\"presentation\">Enviar mensajes personales e individuales a trav\u00e9s de los canales de la red social<\/span><br role=\"presentation\" \/><span dir=\"ltr\" role=\"presentation\">Actualizaciones del estado de la p\u00e1gina que se publicar\u00e1n en el perfil del USUARIO<\/span><br role=\"presentation\" \/><span dir=\"ltr\" role=\"presentation\">El USUARIO siempre puede controlar sus conexiones, eliminar los contenidos que dejen de interesarle y restringir con <\/span><span dir=\"ltr\" role=\"presentation\">qui\u00e9n comparte sus conexiones; para ello deber\u00e1 acceder a su configuraci\u00f3n de privacidad.<\/span><\/p>\n<p><strong><span dir=\"ltr\" role=\"presentation\">3. PUBLICACIONES<\/span><\/strong>El USUARIO, una vez sea seguidor o se haya unido a la red social del RESPONSABLE, podr\u00e1 publicar en esta comentarios, enlaces,<br \/>\nim\u00e1genes, fotograf\u00edas o cualquier otro tipo de contenido multimedia soportado por la misma. El USUARIO, en todos los casos, debe<br \/>\nser el titular del contenido publicado, gozar de los derechos de autor y de propiedad intelectual o contar con el consentimiento de<br \/>\nlos terceros afectados.<br \/>\nSe proh\u00edbe expresamente cualquier publicaci\u00f3n en la red social, ya sean textos, gr\u00e1ficos, fotograf\u00edas, v\u00eddeos, etc. que atenten o sean<br \/>\nsusceptibles de atentar contra la moral, la \u00e9tica, el buen gusto o el decoro, y\/o que infrinjan, violen o quebranten los derechos de<br \/>\npropiedad intelectual o industrial, el derecho a la imagen o la Ley.<br \/>\nEn estos casos, el RESPONSABLE se reserva el derecho a retirar de inmediato el contenido, sin comunicaci\u00f3n previa, pudiendo<br \/>\nsolicitar el bloqueo permanente del USUARIO.<br \/>\nEl RESPONSABLE no se har\u00e1 responsable de los contenidos que libremente ha publicado un USUARIO.<br \/>\nEl USUARIO debe tener presente que sus publicaciones ser\u00e1n conocidas por otros usuarios, por lo que \u00e9l mismo es el principal<br \/>\nresponsable de su privacidad.<br \/>\nLas im\u00e1genes que puedan publicarse en la red social no ser\u00e1n almacenadas en ning\u00fan fichero por parte del RESPONSABLE, pero s\u00ed<br \/>\nque permanecer\u00e1n en la red social.<\/p>\n<p><strong><span dir=\"ltr\" role=\"presentation\">4. DATOS DE MENORES DE EDAD O PERSONAS CON CAPACIDADES ESPECIALES<\/span><\/strong><br role=\"presentation\" \/>El acceso y registro a trav\u00e9s de las redes sociales del RESPONSABLE est\u00e1 prohibido a menores de 14 a\u00f1os. Por su parte, si el<br \/>\nUSUARIO tiene capacidades especiales, ser\u00e1 necesaria la intervenci\u00f3n del titular de su patria potestad o tutela, o de su<br \/>\nrepresentante legal mediante documento v\u00e1lido que acredite la representaci\u00f3n.<br role=\"presentation\" \/>El RESPONSABLE quedar\u00e1 expresamente exonerado de cualquier responsabilidad que pudiera derivarse del uso de las redes<br \/>\nsociales por parte de menores o personas con capacidades especiales. Las redes sociales del RESPONSABLE no recogen<br \/>\nconscientemente ninguna informaci\u00f3n personal de menores de edad, por ello, si el USUARIO es menor de edad, no debe<br \/>\nregistrarse, ni utilizar las redes sociales del RESPONSABLE ni tampoco proporcionar ninguna informaci\u00f3n personal.[\/vc_column_text][\/vc_column][\/vc_row]<\/p>\n<\/div>","protected":false},"excerpt":{"rendered":"<p>[vc_row][vc_column][vc_column_text] 1. INFORMACI\u00d3N AL USUARIO \u00bfQui\u00e9n es el responsable del tratamiento de tus datos personales? PAJUELO ABOGADOS SLP es el RESPONSABLE del tratamiento de los datos personales del USUARIO y le informa de que estos datos ser\u00e1n tratados de conformidad con lo dispuesto en el Reglamento (UE) 2016\/679, de 27 de abril (GDPR), y la [&hellip;]<\/p>\n","protected":false},"author":1,"featured_media":0,"parent":0,"menu_order":0,"comment_status":"closed","ping_status":"open","template":"","meta":{"footnotes":""},"class_list":["post-3","page","type-page","status-publish","hentry"],"_links":{"self":[{"href":"https:\/\/www.pajueloabogados.com\/index.php\/wp-json\/wp\/v2\/pages\/3","targetHints":{"allow":["GET"]}}],"collection":[{"href":"https:\/\/www.pajueloabogados.com\/index.php\/wp-json\/wp\/v2\/pages"}],"about":[{"href":"https:\/\/www.pajueloabogados.com\/index.php\/wp-json\/wp\/v2\/types\/page"}],"author":[{"embeddable":true,"href":"https:\/\/www.pajueloabogados.com\/index.php\/wp-json\/wp\/v2\/users\/1"}],"replies":[{"embeddable":true,"href":"https:\/\/www.pajueloabogados.com\/index.php\/wp-json\/wp\/v2\/comments?post=3"}],"version-history":[{"count":3,"href":"https:\/\/www.pajueloabogados.com\/index.php\/wp-json\/wp\/v2\/pages\/3\/revisions"}],"predecessor-version":[{"id":4240,"href":"https:\/\/www.pajueloabogados.com\/index.php\/wp-json\/wp\/v2\/pages\/3\/revisions\/4240"}],"wp:attachment":[{"href":"https:\/\/www.pajueloabogados.com\/index.php\/wp-json\/wp\/v2\/media?parent=3"}],"curies":[{"name":"wp","href":"https:\/\/api.w.org\/{rel}","templated":true}]}}